{"id":247,"date":"2024-05-26T18:55:41","date_gmt":"2024-05-26T18:55:41","guid":{"rendered":"https:\/\/colectivosemilla.revistacitrico.com\/?page_id=247"},"modified":"2025-05-11T04:41:17","modified_gmt":"2025-05-11T04:41:17","slug":"en-busca-de-oportunidades","status":"publish","type":"page","link":"https:\/\/colectivosemilla.revistacitrico.com\/index.php\/en-busca-de-oportunidades\/","title":{"rendered":"La labor que sostiene al mundo"},"content":{"rendered":"<p>[et_pb_section fb_built=\u00bb1&#8243; inner_shadow=\u00bbon\u00bb next_background_color=\u00bb#ffffff\u00bb disabled_on=\u00bbon|on|off\u00bb admin_label=\u00bbHeader\u00bb _builder_version=\u00bb4.25.1&#8243; _module_preset=\u00bbdefault\u00bb background_enable_color=\u00bboff\u00bb use_background_color_gradient=\u00bbon\u00bb background_color_gradient_type=\u00bbcircular\u00bb background_color_gradient_stops=\u00bbrgba(0,0,0,0) 0%|rgba(0,0,0,0.92) 44%\u00bb background_color_gradient_overlays_image=\u00bbon\u00bb background_enable_image=\u00bboff\u00bb background_video_mp4=\u00bbhttp:\/\/colectivosemilla.revistacitrico.com\/wp-content\/uploads\/2024\/05\/Camino.mp4&#8243; background_video_width=\u00bb1&#8243; background_video_pause_outside_viewport=\u00bboff\u00bb min_height=\u00bb1000px\u00bb bottom_divider_style=\u00bbwave\u00bb bottom_divider_height=\u00bb12vw\u00bb collapsed=\u00bbon\u00bb global_colors_info=\u00bb{}\u00bb][et_pb_row column_structure=\u00bb1_2,1_2&#8243; _builder_version=\u00bb4.25.1&#8243; _module_preset=\u00bbdefault\u00bb background_color=\u00bbrgba(10,10,10,0.64)\u00bb transform_scale=\u00bb88%|88%\u00bb width=\u00bb93.8%\u00bb max_width=\u00bb1296px\u00bb global_colors_info=\u00bb{}\u00bb][et_pb_column type=\u00bb1_2&#8243; _builder_version=\u00bb4.17.4&#8243; _module_preset=\u00bbdefault\u00bb global_colors_info=\u00bb{}\u00bb][et_pb_text _builder_version=\u00bb4.25.1&#8243; _module_preset=\u00bbdefault\u00bb text_font=\u00bbCormorant Garamond|700|||||||\u00bb text_text_color=\u00bb#FFFFFF\u00bb text_font_size=\u00bb88px\u00bb text_line_height=\u00bb1.1em\u00bb header_font=\u00bbPoppins||||||||\u00bb header_2_font=\u00bbPoppins||||||||\u00bb width=\u00bb100%\u00bb custom_margin=\u00bb46px||||false|false\u00bb custom_padding=\u00bb|||58px|false|false\u00bb global_colors_info=\u00bb{}\u00bb]<\/p>\n<p style=\"text-align: left;\">La Labor que Sostiene el Mundo<\/p>\n<p>[\/et_pb_text][et_pb_text _builder_version=\u00bb4.25.1&#8243; _module_preset=\u00bbdefault\u00bb text_font=\u00bb&#8211;et_global_body_font||||||||\u00bb text_text_color=\u00bb#FFFFFF\u00bb text_font_size=\u00bb25px\u00bb text_line_height=\u00bb1.1em\u00bb header_4_font=\u00bb&#8211;et_global_body_font||||||||\u00bb header_4_text_color=\u00bb#FFFFFF\u00bb header_4_font_size=\u00bb22px\u00bb header_4_line_height=\u00bb1.1em\u00bb width=\u00bb92%\u00bb max_width=\u00bb93%\u00bb custom_margin=\u00bb-18px||||false|false\u00bb custom_padding=\u00bb|||60px|false|false\u00bb global_colors_info=\u00bb{}\u00bb]<\/p>\n<h4 style=\"text-align: justify;\">La labor que sostiene el mundo es la agricultura. Los campesinos en Colombia enfrentan dificultades en el transporte de sus productos, en la falta de v\u00edas terciarias y el pago injusto en la comercializaci\u00f3n. A pesar de eso, la familia Timana Buesaquillo, como muchas familias en las veredas del corregimiento de Santa B\u00e1rbara, sigue trabajando en el campo en labores de ganader\u00eda y agricultura, la labor que aprendieron de sus padres y que hoy, sus hijos replican.<\/h4>\n<p>[\/et_pb_text][\/et_pb_column][et_pb_column type=\u00bb1_2&#8243; _builder_version=\u00bb4.17.4&#8243; _module_preset=\u00bbdefault\u00bb custom_padding=\u00bb15%||||false|false\u00bb global_colors_info=\u00bb{}\u00bb][et_pb_video src=\u00bbhttps:\/\/www.youtube.com\/watch?v=TXbmVYNSb5A&#038;t=310s\u00bb font_icon=\u00bb&#x45;||divi||400&#8243; _builder_version=\u00bb4.25.1&#8243; _module_preset=\u00bbdefault\u00bb transform_scale=\u00bb90%|90%\u00bb transform_translate=\u00bb-127px|-98px\u00bb transform_translate_linked=\u00bboff\u00bb custom_margin=\u00bb-5px|-7vw|7px|3px|false|false\u00bb custom_margin_tablet=\u00bb|0vw|||false|false\u00bb custom_margin_phone=\u00bb|0vw|||false|false\u00bb custom_margin_last_edited=\u00bbon|tablet\u00bb custom_padding=\u00bb2px|39px|||false|false\u00bb global_colors_info=\u00bb{}\u00bb][\/et_pb_video][\/et_pb_column][\/et_pb_row][\/et_pb_section][et_pb_section fb_built=\u00bb1&#8243; inner_shadow=\u00bbon\u00bb next_background_color=\u00bb#ffffff\u00bb disabled_on=\u00bboff|off|on\u00bb admin_label=\u00bbHeader\u00bb _builder_version=\u00bb4.25.1&#8243; _module_preset=\u00bbdefault\u00bb background_enable_color=\u00bboff\u00bb use_background_color_gradient=\u00bbon\u00bb background_color_gradient_type=\u00bbcircular\u00bb background_color_gradient_stops=\u00bbrgba(0,0,0,0) 0%|rgba(0,0,0,0.92) 44%\u00bb background_color_gradient_overlays_image=\u00bbon\u00bb background_enable_image=\u00bboff\u00bb background_video_mp4=\u00bbhttp:\/\/colectivosemilla.revistacitrico.com\/wp-content\/uploads\/2024\/05\/Camino.mp4&#8243; background_video_width=\u00bb1&#8243; background_video_pause_outside_viewport=\u00bboff\u00bb min_height=\u00bb954px\u00bb bottom_divider_style=\u00bbwave\u00bb bottom_divider_height=\u00bb12vw\u00bb collapsed=\u00bbon\u00bb global_colors_info=\u00bb{}\u00bb][et_pb_row column_structure=\u00bb1_2,1_2&#8243; _builder_version=\u00bb4.25.1&#8243; _module_preset=\u00bbdefault\u00bb background_color=\u00bbrgba(10,10,10,0.51)\u00bb transform_scale=\u00bb76%|76%\u00bb width=\u00bb93.8%\u00bb max_width=\u00bb1296px\u00bb global_colors_info=\u00bb{}\u00bb][et_pb_column type=\u00bb1_2&#8243; _builder_version=\u00bb4.17.4&#8243; _module_preset=\u00bbdefault\u00bb global_colors_info=\u00bb{}\u00bb][et_pb_text _builder_version=\u00bb4.25.1&#8243; _module_preset=\u00bbdefault\u00bb text_font=\u00bbCormorant Garamond|700|||||||\u00bb text_text_color=\u00bb#FFFFFF\u00bb text_font_size=\u00bb48px\u00bb text_line_height=\u00bb1.1em\u00bb header_font=\u00bbPoppins||||||||\u00bb header_2_font=\u00bbPoppins||||||||\u00bb transform_translate=\u00bb-32px|-15px\u00bb width=\u00bb100%\u00bb custom_margin=\u00bb46px||||false|false\u00bb custom_padding=\u00bb|||58px|false|false\u00bb global_colors_info=\u00bb{}\u00bb]<\/p>\n<p style=\"text-align: center;\">La Labor que Sostiene el Mundo<\/p>\n<p>[\/et_pb_text][et_pb_text _builder_version=\u00bb4.27.3&#8243; _module_preset=\u00bbdefault\u00bb text_font=\u00bb&#8211;et_global_body_font||||||||\u00bb text_text_color=\u00bb#FFFFFF\u00bb text_font_size=\u00bb21px\u00bb text_line_height=\u00bb1.1em\u00bb header_4_font=\u00bb&#8211;et_global_body_font||||||||\u00bb header_4_text_color=\u00bb#FFFFFF\u00bb header_4_font_size=\u00bb17px\u00bb header_4_line_height=\u00bb1.1em\u00bb transform_translate=\u00bb-22px|0px\u00bb width=\u00bb100%\u00bb max_width=\u00bb93%\u00bb custom_margin=\u00bb-18px||||false|false\u00bb custom_padding=\u00bb|||60px|false|false\u00bb global_colors_info=\u00bb{}\u00bb]<\/p>\n<h4 style=\"text-align: justify;\">La labor que sostiene el mundo es la agricultura. Los campesinos en Colombia enfrentan dificultades en el transporte de sus productos, en la falta de v\u00edas terciarias y el pago injusto en la comercializaci\u00f3n. A pesar de eso, la familia Timana Buesaquillo, como muchas familias en las veredas del corregimiento de Santa B\u00e1rbara, sigue trabajando en el campo en labores de ganader\u00eda y agricultura, la labor que aprendieron de sus padres y que hoy, sus hijos replican.<\/h4>\n<p>[\/et_pb_text][\/et_pb_column][et_pb_column type=\u00bb1_2&#8243; _builder_version=\u00bb4.17.4&#8243; _module_preset=\u00bbdefault\u00bb custom_padding=\u00bb15%||||false|false\u00bb global_colors_info=\u00bb{}\u00bb][et_pb_video src=\u00bbhttps:\/\/www.youtube.com\/watch?v=TXbmVYNSb5A&#038;t=310s\u00bb font_icon=\u00bb&#x45;||divi||400&#8243; _builder_version=\u00bb4.25.1&#8243; _module_preset=\u00bbdefault\u00bb transform_scale=\u00bb88%|88%\u00bb transform_translate=\u00bb14px|-80px\u00bb custom_margin=\u00bb-5px|-7vw|7px|3px|false|false\u00bb custom_margin_tablet=\u00bb|0vw|||false|false\u00bb custom_margin_phone=\u00bb|0vw|||false|false\u00bb custom_margin_last_edited=\u00bbon|tablet\u00bb custom_padding=\u00bb2px|39px|||false|false\u00bb global_colors_info=\u00bb{}\u00bb][\/et_pb_video][\/et_pb_column][\/et_pb_row][\/et_pb_section][et_pb_section fb_built=\u00bb1&#8243; disabled_on=\u00bbon|on|off\u00bb admin_label=\u00bbFeatures\u00bb _builder_version=\u00bb4.25.1&#8243; _module_preset=\u00bbdefault\u00bb background_enable_image=\u00bboff\u00bb width=\u00bb100%\u00bb min_height=\u00bb334px\u00bb height=\u00bb586px\u00bb collapsed=\u00bbon\u00bb global_colors_info=\u00bb{}\u00bb][et_pb_row _builder_version=\u00bb4.25.1&#8243; _module_preset=\u00bbdefault\u00bb global_colors_info=\u00bb{}\u00bb][et_pb_column type=\u00bb4_4&#8243; _builder_version=\u00bb4.25.1&#8243; _module_preset=\u00bbdefault\u00bb global_colors_info=\u00bb{}\u00bb][et_pb_text _builder_version=\u00bb4.27.3&#8243; _module_preset=\u00bbdefault\u00bb text_font=\u00bbCormorant Garamond|700|||||||\u00bb text_text_color=\u00bb#0063b5&#8243; text_font_size=\u00bb74px\u00bb text_line_height=\u00bb1.1em\u00bb text_orientation=\u00bbcenter\u00bb width=\u00bb64%\u00bb module_alignment=\u00bbcenter\u00bb custom_margin=\u00bb-57px||||false|false\u00bb custom_padding=\u00bb2px||||false|false\u00bb global_colors_info=\u00bb{}\u00bb]<\/p>\n<p>Semillas Sembramos, Felicidad Cosechamos<\/p>\n<p>[\/et_pb_text][et_pb_text _builder_version=\u00bb4.25.1&#8243; _module_preset=\u00bbdefault\u00bb text_font=\u00bbCormorant Garamond|600|||||||\u00bb text_text_color=\u00bb#7CDA28&#8243; text_font_size=\u00bb53px\u00bb text_line_height=\u00bb2.1em\u00bb text_orientation=\u00bbcenter\u00bb width=\u00bb64%\u00bb module_alignment=\u00bbcenter\u00bb custom_margin=\u00bb-48px||||false|false\u00bb custom_padding=\u00bb2px||||false|false\u00bb global_colors_info=\u00bb{}\u00bb]<\/p>\n<p>Podcast<\/p>\n<p>[\/et_pb_text][et_pb_text _builder_version=\u00bb4.25.1&#8243; _module_preset=\u00bbdefault\u00bb background_image=\u00bbhttp:\/\/colectivosemilla.revistacitrico.com\/wp-content\/uploads\/2024\/05\/Diseno-sin-titulo-5-e1716763533883.jpg\u00bb transform_scale=\u00bb36%|36%\u00bb transform_translate=\u00bb1px|-245px\u00bb min_height=\u00bb193px\u00bb global_colors_info=\u00bb{}\u00bb][\/et_pb_text][et_pb_text _builder_version=\u00bb4.25.1&#8243; _module_preset=\u00bbdefault\u00bb text_font=\u00bb&#8211;et_global_body_font||||||||\u00bb text_text_color=\u00bb#0a0a0a\u00bb text_font_size=\u00bb25px\u00bb text_line_height=\u00bb1.1em\u00bb header_4_font=\u00bb&#8211;et_global_body_font||||||||\u00bb header_4_font_size=\u00bb22px\u00bb width=\u00bb61%\u00bb module_alignment=\u00bbcenter\u00bb custom_margin=\u00bb-133px||||false|false\u00bb global_colors_info=\u00bb{}\u00bb]<\/p>\n<h4 style=\"text-align: justify;\">Una producci\u00f3n radiof\u00f3nica hecha por los integrantes del colectivo Semillas Sembramos, Felicidad Cosechamos, con el fin de resaltar la labor agr\u00edcola de la comunidad de la vereda Jurado en Santa B\u00e1rbara, a trav\u00e9s de un acercamiento a un producto hecho para la radio escolar \u00abSan Francisco de As\u00eds, La que te hace m\u00e1s feliz\u00bb, conducida por los mismos estudiantes.<\/h4>\n<p>[\/et_pb_text][\/et_pb_column][\/et_pb_row][\/et_pb_section][et_pb_section fb_built=\u00bb1&#8243; disabled_on=\u00bboff|off|on\u00bb admin_label=\u00bbFeatures\u00bb _builder_version=\u00bb4.25.1&#8243; _module_preset=\u00bbdefault\u00bb background_enable_image=\u00bboff\u00bb width=\u00bb100%\u00bb min_height=\u00bb334px\u00bb height=\u00bb586px\u00bb collapsed=\u00bbon\u00bb global_colors_info=\u00bb{}\u00bb][et_pb_row _builder_version=\u00bb4.25.1&#8243; _module_preset=\u00bbdefault\u00bb global_colors_info=\u00bb{}\u00bb][et_pb_column type=\u00bb4_4&#8243; _builder_version=\u00bb4.25.1&#8243; _module_preset=\u00bbdefault\u00bb custom_padding=\u00bb0px||||false|false\u00bb global_colors_info=\u00bb{}\u00bb][et_pb_text _builder_version=\u00bb4.27.3&#8243; _module_preset=\u00bbdefault\u00bb text_font=\u00bbCormorant Garamond|700|||||||\u00bb text_font_size=\u00bb36px\u00bb text_line_height=\u00bb1.1em\u00bb text_orientation=\u00bbcenter\u00bb width=\u00bb100%\u00bb module_alignment=\u00bbcenter\u00bb custom_margin=\u00bb-54px||||false|false\u00bb custom_padding=\u00bb2px||||false|false\u00bb hover_enabled=\u00bb0&#8243; global_colors_info=\u00bb{}\u00bb text_text_color=\u00bb#0056c6&#8243; sticky_enabled=\u00bb0&#8243;]<\/p>\n<p>Semillas Sembramos, Felicidad Cosechamos<\/p>\n<p>[\/et_pb_text][et_pb_text _builder_version=\u00bb4.25.1&#8243; _module_preset=\u00bbdefault\u00bb text_font=\u00bbCormorant Garamond|600|||||||\u00bb text_text_color=\u00bb#7CDA28&#8243; text_font_size=\u00bb41px\u00bb text_line_height=\u00bb2.1em\u00bb text_orientation=\u00bbcenter\u00bb width=\u00bb64%\u00bb module_alignment=\u00bbcenter\u00bb custom_margin=\u00bb-48px||||false|false\u00bb custom_padding=\u00bb2px||||false|false\u00bb global_colors_info=\u00bb{}\u00bb]<\/p>\n<p>Podcast<\/p>\n<p>[\/et_pb_text][et_pb_text _builder_version=\u00bb4.25.1&#8243; _module_preset=\u00bbdefault\u00bb background_image=\u00bbhttp:\/\/colectivosemilla.revistacitrico.com\/wp-content\/uploads\/2024\/05\/Diseno-sin-titulo-5-e1716763533883.jpg\u00bb transform_scale=\u00bb36%|36%\u00bb transform_translate=\u00bb1px|-245px\u00bb min_height=\u00bb193px\u00bb global_colors_info=\u00bb{}\u00bb][\/et_pb_text][et_pb_text _builder_version=\u00bb4.27.3&#8243; _module_preset=\u00bbdefault\u00bb text_font=\u00bb&#8211;et_global_body_font||||||||\u00bb text_text_color=\u00bb#0a0a0a\u00bb text_font_size=\u00bb25px\u00bb text_line_height=\u00bb1.1em\u00bb header_4_font=\u00bb&#8211;et_global_body_font||||||||\u00bb header_4_font_size=\u00bb15px\u00bb width=\u00bb100%\u00bb module_alignment=\u00bbcenter\u00bb custom_margin=\u00bb-133px||||false|false\u00bb global_colors_info=\u00bb{}\u00bb]<\/p>\n<h4 style=\"text-align: center;\">Una producci\u00f3n radiof\u00f3nica hecha por los integrantes del colectivo Semillas Sembramos, Felicidad Cosechamos, con el fin de resaltar la labor agr\u00edcola de la comunidad de la vereda Jurado en Santa B\u00e1rbara, a trav\u00e9s de un acercamiento a un producto hecho para la radio escolar \u00abSan Francisco de As\u00eds, La que te hace m\u00e1s feliz\u00bb, conducida por los mismos estudiantes.<\/h4>\n<p>[\/et_pb_text][\/et_pb_column][\/et_pb_row][\/et_pb_section][et_pb_section fb_built=\u00bb1&#8243; disabled_on=\u00bbon|on|off\u00bb admin_label=\u00bbFeatures\u00bb _builder_version=\u00bb4.25.1&#8243; _module_preset=\u00bbdefault\u00bb background_image=\u00bbhttp:\/\/colectivosemilla.revistacitrico.com\/wp-content\/uploads\/2024\/05\/Diseno-sin-titulo-5-1.jpg\u00bb width=\u00bb100%\u00bb min_height=\u00bb100px\u00bb height=\u00bb369px\u00bb collapsed=\u00bbon\u00bb global_colors_info=\u00bb{}\u00bb][et_pb_row column_structure=\u00bb1_2,1_2&#8243; _builder_version=\u00bb4.25.1&#8243; _module_preset=\u00bbdefault\u00bb background_enable_color=\u00bboff\u00bb background_enable_image=\u00bboff\u00bb transform_scale=\u00bb130%|130%\u00bb custom_margin=\u00bb-26px||||false|false\u00bb border_radii=\u00bbon|29px|29px|29px|29px\u00bb global_colors_info=\u00bb{}\u00bb][et_pb_column type=\u00bb1_2&#8243; _builder_version=\u00bb4.25.1&#8243; _module_preset=\u00bbdefault\u00bb global_colors_info=\u00bb{}\u00bb][et_pb_code _builder_version=\u00bb4.25.1&#8243; _module_preset=\u00bbdefault\u00bb background_color=\u00bbRGBA(255,255,255,0)\u00bb transform_translate=\u00bb132px|3px\u00bb module_alignment=\u00bbcenter\u00bb global_colors_info=\u00bb{}\u00bb]<iframe loading=\"lazy\" src=\"https:\/\/podcasters.spotify.com\/pod\/show\/semilla-sembramos-felicid\/embed\/episodes\/Ep-2-La-esencia-del-ordeo-en-el-campo-e2k2563\/a-aba0pno\" height=\"102px\" width=\"400px\" frameborder=\"0\" scrolling=\"no\"><\/iframe>[\/et_pb_code][et_pb_button button_url=\u00bbhttps:\/\/colectivosemilla.revistacitrico.com\/\u00bb button_text=\u00bbInicio \u00bb button_alignment=\u00bbcenter\u00bb _builder_version=\u00bb4.27.3&#8243; _module_preset=\u00bbdefault\u00bb custom_button=\u00bbon\u00bb button_text_size=\u00bb20px\u00bb button_text_color=\u00bb#FFFFFF\u00bb button_bg_color=\u00bb#0C71C3&#8243; button_border_radius=\u00bb50px\u00bb button_font=\u00bb&#8211;et_global_body_font|700|||||||\u00bb button_use_icon=\u00bboff\u00bb transform_translate=\u00bb56px|-4px\u00bb animation_style=\u00bbbounce\u00bb global_colors_info=\u00bb{}\u00bb][\/et_pb_button][\/et_pb_column][et_pb_column type=\u00bb1_2&#8243; _builder_version=\u00bb4.25.1&#8243; _module_preset=\u00bbdefault\u00bb global_colors_info=\u00bb{}\u00bb][et_pb_code _builder_version=\u00bb4.25.1&#8243; _module_preset=\u00bbdefault\u00bb global_colors_info=\u00bb{}\u00bb]<iframe loading=\"lazy\" src=\"https:\/\/podcasters.spotify.com\/pod\/show\/semilla-sembramos-felicid\/embed\/episodes\/Ep-1-Manos-que-alimentan-e2k24va\/a-aba0hd7\" height=\"102px\" width=\"400px\" frameborder=\"0\" scrolling=\"no\"><\/iframe>[\/et_pb_code][et_pb_button button_url=\u00bbhttps:\/\/colectivosemilla.revistacitrico.com\/index.php\/serpientes-y-escaleras\/?et_fb=1&#038;PageSpeed=off\u00bb button_text=\u00bb\u00a1Juega con nosotros!\u00bb button_alignment=\u00bbcenter\u00bb _builder_version=\u00bb4.27.3&#8243; _module_preset=\u00bbdefault\u00bb custom_button=\u00bbon\u00bb button_text_size=\u00bb19px\u00bb button_text_color=\u00bb#FFFFFF\u00bb button_bg_color=\u00bb#0C71C3&#8243; button_border_width=\u00bb3px\u00bb button_border_color=\u00bb#FFFFFF\u00bb button_border_radius=\u00bb50px\u00bb button_use_icon=\u00bboff\u00bb transform_translate=\u00bb-26px|0px\u00bb animation_style=\u00bbbounce\u00bb hover_enabled=\u00bb0&#8243; global_colors_info=\u00bb{}\u00bb sticky_enabled=\u00bb0&#8243;][\/et_pb_button][\/et_pb_column][\/et_pb_row][\/et_pb_section][et_pb_section fb_built=\u00bb1&#8243; disabled_on=\u00bboff|off|on\u00bb admin_label=\u00bbFeatures\u00bb _builder_version=\u00bb4.25.1&#8243; _module_preset=\u00bbdefault\u00bb background_image=\u00bbhttp:\/\/colectivosemilla.revistacitrico.com\/wp-content\/uploads\/2024\/05\/Diseno-sin-titulo-5-1.jpg\u00bb width=\u00bb100%\u00bb min_height=\u00bb100px\u00bb height=\u00bb369px\u00bb collapsed=\u00bbon\u00bb global_colors_info=\u00bb{}\u00bb][et_pb_row column_structure=\u00bb1_2,1_2&#8243; _builder_version=\u00bb4.25.1&#8243; _module_preset=\u00bbdefault\u00bb background_enable_color=\u00bboff\u00bb background_enable_image=\u00bboff\u00bb transform_scale=\u00bb130%|130%\u00bb custom_margin=\u00bb-151px||||false|false\u00bb border_radii=\u00bbon|29px|29px|29px|29px\u00bb global_colors_info=\u00bb{}\u00bb][et_pb_column type=\u00bb1_2&#8243; _builder_version=\u00bb4.25.1&#8243; _module_preset=\u00bbdefault\u00bb global_colors_info=\u00bb{}\u00bb][et_pb_code _builder_version=\u00bb4.25.1&#8243; _module_preset=\u00bbdefault\u00bb background_color=\u00bbRGBA(255,255,255,0)\u00bb transform_scale=\u00bb52%|52%\u00bb transform_translate=\u00bb4px|18px\u00bb module_alignment=\u00bbcenter\u00bb custom_margin=\u00bb-17px||||false|false\u00bb global_colors_info=\u00bb{}\u00bb]<iframe loading=\"lazy\" src=\"https:\/\/podcasters.spotify.com\/pod\/show\/semilla-sembramos-felicid\/embed\/episodes\/Ep-2-La-esencia-del-ordeo-en-el-campo-e2k2563\/a-aba0pno\" height=\"102px\" width=\"400px\" frameborder=\"0\" scrolling=\"no\"><\/iframe>[\/et_pb_code][et_pb_button button_url=\u00bbhttps:\/\/colectivosemilla.revistacitrico.com\/\u00bb button_text=\u00bbInicio \u00bb button_alignment=\u00bbcenter\u00bb _builder_version=\u00bb4.27.0&#8243; _module_preset=\u00bbdefault\u00bb custom_button=\u00bbon\u00bb button_text_size=\u00bb20px\u00bb button_text_color=\u00bb#FFFFFF\u00bb button_bg_color=\u00bb#0C71C3&#8243; button_border_radius=\u00bb50px\u00bb button_font=\u00bb&#8211;et_global_body_font|700|||||||\u00bb button_icon=\u00bb&#xe009;||divi||400&#8243; button_icon_color=\u00bb#FFFFFF\u00bb transform_scale=\u00bb72%|72%\u00bb transform_translate=\u00bb9px|39px\u00bb global_colors_info=\u00bb{}\u00bb][\/et_pb_button][\/et_pb_column][et_pb_column type=\u00bb1_2&#8243; _builder_version=\u00bb4.25.1&#8243; _module_preset=\u00bbdefault\u00bb global_colors_info=\u00bb{}\u00bb][et_pb_code _builder_version=\u00bb4.25.1&#8243; _module_preset=\u00bbdefault\u00bb transform_scale=\u00bb54%|54%\u00bb transform_translate=\u00bb5px|-273px\u00bb global_colors_info=\u00bb{}\u00bb]<iframe loading=\"lazy\" src=\"https:\/\/podcasters.spotify.com\/pod\/show\/semilla-sembramos-felicid\/embed\/episodes\/Ep-1-Manos-que-alimentan-e2k24va\/a-aba0hd7\" height=\"102px\" width=\"400px\" frameborder=\"0\" scrolling=\"no\"><\/iframe>[\/et_pb_code][et_pb_button button_url=\u00bbhttps:\/\/colectivosemilla.revistacitrico.com\/index.php\/serpientes-y-escaleras\/?et_fb=1&#038;PageSpeed=off\u00bb button_text=\u00bb\u00a1Juega con nosotros!\u00bb button_alignment=\u00bbcenter\u00bb _builder_version=\u00bb4.27.0&#8243; _module_preset=\u00bbdefault\u00bb custom_button=\u00bbon\u00bb button_text_size=\u00bb19px\u00bb button_text_color=\u00bb#FFFFFF\u00bb button_bg_color=\u00bb#0C71C3&#8243; button_border_width=\u00bb0px\u00bb button_border_radius=\u00bb50px\u00bb transform_scale=\u00bb72%|72%\u00bb transform_translate=\u00bb2px|-202px\u00bb global_colors_info=\u00bb{}\u00bb][\/et_pb_button][\/et_pb_column][\/et_pb_row][\/et_pb_section][et_pb_section fb_built=\u00bb1&#8243; disabled_on=\u00bbon|on|off\u00bb _builder_version=\u00bb4.27.0&#8243; _module_preset=\u00bbdefault\u00bb background_color=\u00bb#f7931e\u00bb top_divider_style=\u00bbwave\u00bb top_divider_color=\u00bb#FFFFFF\u00bb global_colors_info=\u00bb{}\u00bb][\/et_pb_section][et_pb_section fb_built=\u00bb1&#8243; disabled_on=\u00bboff|off|on\u00bb _builder_version=\u00bb4.27.0&#8243; _module_preset=\u00bbdefault\u00bb background_color=\u00bb#f7931e\u00bb top_divider_style=\u00bbwave\u00bb top_divider_color=\u00bb#FFFFFF\u00bb global_colors_info=\u00bb{}\u00bb][\/et_pb_section]<\/p>\n","protected":false},"excerpt":{"rendered":"<p>La Labor que Sostiene el MundoLa labor que sostiene el mundo es la agricultura. Los campesinos en Colombia enfrentan dificultades en el transporte de sus productos, en la falta de v\u00edas terciarias y el pago injusto en la comercializaci\u00f3n. A pesar de eso, la familia Timana Buesaquillo, como muchas familias en las veredas del corregimiento [&hellip;]<\/p>\n","protected":false},"author":1,"featured_media":0,"parent":0,"menu_order":0,"comment_status":"closed","ping_status":"closed","template":"","meta":{"_et_pb_use_builder":"on","_et_pb_old_content":"","_et_gb_content_width":"","footnotes":""},"_links":{"self":[{"href":"https:\/\/colectivosemilla.revistacitrico.com\/index.php\/wp-json\/wp\/v2\/pages\/247"}],"collection":[{"href":"https:\/\/colectivosemilla.revistacitrico.com\/index.php\/wp-json\/wp\/v2\/pages"}],"about":[{"href":"https:\/\/colectivosemilla.revistacitrico.com\/index.php\/wp-json\/wp\/v2\/types\/page"}],"author":[{"embeddable":true,"href":"https:\/\/colectivosemilla.revistacitrico.com\/index.php\/wp-json\/wp\/v2\/users\/1"}],"replies":[{"embeddable":true,"href":"https:\/\/colectivosemilla.revistacitrico.com\/index.php\/wp-json\/wp\/v2\/comments?post=247"}],"version-history":[{"count":49,"href":"https:\/\/colectivosemilla.revistacitrico.com\/index.php\/wp-json\/wp\/v2\/pages\/247\/revisions"}],"predecessor-version":[{"id":794,"href":"https:\/\/colectivosemilla.revistacitrico.com\/index.php\/wp-json\/wp\/v2\/pages\/247\/revisions\/794"}],"wp:attachment":[{"href":"https:\/\/colectivosemilla.revistacitrico.com\/index.php\/wp-json\/wp\/v2\/media?parent=247"}],"curies":[{"name":"wp","href":"https:\/\/api.w.org\/{rel}","templated":true}]}}