{"id":118,"date":"2024-05-26T04:39:17","date_gmt":"2024-05-26T04:39:17","guid":{"rendered":"https:\/\/colectivosemilla.revistacitrico.com\/?page_id=118"},"modified":"2025-05-11T04:20:36","modified_gmt":"2025-05-11T04:20:36","slug":"somos-semillas","status":"publish","type":"page","link":"https:\/\/colectivosemilla.revistacitrico.com\/index.php\/somos-semillas\/","title":{"rendered":"Somos Semillas"},"content":{"rendered":"<p>[et_pb_section fb_built=\u00bb1&#8243; disabled_on=\u00bbon|on|off\u00bb admin_label=\u00bbHeader\u00bb _builder_version=\u00bb4.25.1&#8243; _module_preset=\u00bbdefault\u00bb background_color=\u00bb#0a0a0a\u00bb use_background_color_gradient=\u00bbon\u00bb background_color_gradient_type=\u00bbelliptical\u00bb background_color_gradient_stops=\u00bbrgba(38,38,38,0.09) 0%|#0a0000 100%\u00bb background_color_gradient_overlays_image=\u00bbon\u00bb background_image=\u00bbhttp:\/\/colectivosemilla.revistacitrico.com\/wp-content\/uploads\/2024\/05\/2825-1080-1-3-1-scaled.jpg\u00bb background_position=\u00bbbottom_center\u00bb background_vertical_offset=\u00bb34%\u00bb width=\u00bb100%\u00bb min_height=\u00bb607px\u00bb height=\u00bb420px\u00bb custom_padding=\u00bb8vw||8vw||false|false\u00bb bottom_divider_style=\u00bbcurve2&#8243; bottom_divider_color=\u00bb#0C71C3&#8243; bottom_divider_height=\u00bb270px\u00bb locked=\u00bboff\u00bb collapsed=\u00bbon\u00bb global_colors_info=\u00bb{}\u00bb][et_pb_row column_structure=\u00bb3_5,2_5&#8243; _builder_version=\u00bb4.18.0&#8243; _module_preset=\u00bbdefault\u00bb global_colors_info=\u00bb{}\u00bb][et_pb_column type=\u00bb3_5&#8243; _builder_version=\u00bb4.18.0&#8243; _module_preset=\u00bbdefault\u00bb global_colors_info=\u00bb{}\u00bb][\/et_pb_column][et_pb_column type=\u00bb2_5&#8243; _builder_version=\u00bb4.18.0&#8243; _module_preset=\u00bbdefault\u00bb global_colors_info=\u00bb{}\u00bb][\/et_pb_column][\/et_pb_row][et_pb_row _builder_version=\u00bb4.25.1&#8243; _module_preset=\u00bbdefault\u00bb global_colors_info=\u00bb{}\u00bb][et_pb_column type=\u00bb4_4&#8243; _builder_version=\u00bb4.25.1&#8243; _module_preset=\u00bbdefault\u00bb global_colors_info=\u00bb{}\u00bb][et_pb_text _builder_version=\u00bb4.25.1&#8243; _module_preset=\u00bbdefault\u00bb header_2_font=\u00bbCormorant Garamond|700|||||||\u00bb header_2_text_align=\u00bbcenter\u00bb header_2_text_color=\u00bb#FFFFFF\u00bb header_2_font_size=\u00bb100px\u00bb transform_scale=\u00bb176%|176%\u00bb transform_translate=\u00bb3px|16px\u00bb module_alignment=\u00bbcenter\u00bb custom_margin=\u00bb18px||||false|false\u00bb animation_style=\u00bbfade\u00bb text_text_shadow_style=\u00bbpreset3&#8243; text_text_shadow_color=\u00bb#000b54&#8243; header_2_text_shadow_style=\u00bbpreset3&#8243; header_2_text_shadow_color=\u00bb#051b7f\u00bb global_colors_info=\u00bb{}\u00bb]<\/p>\n<h2>Somos Semillas<\/h2>\n<p>[\/et_pb_text][\/et_pb_column][\/et_pb_row][\/et_pb_section][et_pb_section fb_built=\u00bb1&#8243; disabled_on=\u00bboff|off|on\u00bb admin_label=\u00bbHeader\u00bb _builder_version=\u00bb4.25.1&#8243; _module_preset=\u00bbdefault\u00bb background_color=\u00bb#0a0a0a\u00bb use_background_color_gradient=\u00bbon\u00bb background_color_gradient_type=\u00bbelliptical\u00bb background_color_gradient_stops=\u00bbrgba(38,38,38,0.09) 0%|#0a0000 100%\u00bb background_color_gradient_overlays_image=\u00bbon\u00bb background_image=\u00bbhttp:\/\/colectivosemilla.revistacitrico.com\/wp-content\/uploads\/2024\/05\/2825-1080-1-3-1-scaled.jpg\u00bb background_position=\u00bbbottom_center\u00bb background_vertical_offset=\u00bb34%\u00bb width=\u00bb100%\u00bb min_height=\u00bb607px\u00bb height=\u00bb420px\u00bb custom_padding=\u00bb8vw||8vw||false|false\u00bb bottom_divider_style=\u00bbcurve2&#8243; bottom_divider_color=\u00bb#0C71C3&#8243; bottom_divider_height=\u00bb78px\u00bb locked=\u00bboff\u00bb collapsed=\u00bbon\u00bb global_colors_info=\u00bb{}\u00bb][et_pb_row column_structure=\u00bb3_5,2_5&#8243; _builder_version=\u00bb4.18.0&#8243; _module_preset=\u00bbdefault\u00bb global_colors_info=\u00bb{}\u00bb][et_pb_column type=\u00bb3_5&#8243; _builder_version=\u00bb4.18.0&#8243; _module_preset=\u00bbdefault\u00bb global_colors_info=\u00bb{}\u00bb][\/et_pb_column][et_pb_column type=\u00bb2_5&#8243; _builder_version=\u00bb4.18.0&#8243; _module_preset=\u00bbdefault\u00bb global_colors_info=\u00bb{}\u00bb][\/et_pb_column][\/et_pb_row][et_pb_row _builder_version=\u00bb4.25.1&#8243; _module_preset=\u00bbdefault\u00bb global_colors_info=\u00bb{}\u00bb][et_pb_column type=\u00bb4_4&#8243; _builder_version=\u00bb4.25.1&#8243; _module_preset=\u00bbdefault\u00bb global_colors_info=\u00bb{}\u00bb][et_pb_text _builder_version=\u00bb4.25.1&#8243; _module_preset=\u00bbdefault\u00bb header_2_font=\u00bbCormorant Garamond|700|||||||\u00bb header_2_text_align=\u00bbcenter\u00bb header_2_text_color=\u00bb#FFFFFF\u00bb header_2_font_size=\u00bb95px\u00bb transform_scale=\u00bb106%|106%\u00bb transform_translate=\u00bb-5px|-57px\u00bb module_alignment=\u00bbcenter\u00bb custom_margin=\u00bb18px||||false|false\u00bb animation_style=\u00bbfade\u00bb text_text_shadow_style=\u00bbpreset3&#8243; text_text_shadow_color=\u00bb#000b54&#8243; header_2_text_shadow_style=\u00bbpreset3&#8243; header_2_text_shadow_color=\u00bb#051b7f\u00bb global_colors_info=\u00bb{}\u00bb]<\/p>\n<h2>Somos Semillas<\/h2>\n<p>[\/et_pb_text][\/et_pb_column][\/et_pb_row][\/et_pb_section][et_pb_section fb_built=\u00bb1&#8243; fullwidth=\u00bbon\u00bb disabled_on=\u00bbon|on|off\u00bb _builder_version=\u00bb4.25.1&#8243; _module_preset=\u00bbdefault\u00bb top_divider_style=\u00bbcurve2&#8243; top_divider_color=\u00bb#0C71C3&#8243; top_divider_height=\u00bb129px\u00bb global_colors_info=\u00bb{}\u00bb][et_pb_fullwidth_code _builder_version=\u00bb4.25.1&#8243; _module_preset=\u00bbdefault\u00bb custom_margin=\u00bb||-19px|||\u00bb global_colors_info=\u00bb{}\u00bb]<\/p>\n<div style=\"width: 100%;\">\n<div style=\"position: relative; padding-bottom: 177.78%; padding-top: 0; height: 0;\"><iframe loading=\"lazy\" title=\"NI\u00d1OS\" frameborder=\"0\" width=\"360\" height=\"640\" style=\"position: absolute; top: 0; left: 0; width: 100%; height: 100%;\" src=\"https:\/\/view.genially.com\/6651f7fb0b37550014bedad1\" type=\"text\/html\" allowscriptaccess=\"always\" allowfullscreen=\"true\" scrolling=\"yes\" allownetworking=\"all\"><\/iframe> <\/div>\n<\/p><\/div>\n<p>[\/et_pb_fullwidth_code][\/et_pb_section][et_pb_section fb_built=\u00bb1&#8243; fullwidth=\u00bbon\u00bb disabled_on=\u00bboff|off|on\u00bb _builder_version=\u00bb4.25.1&#8243; _module_preset=\u00bbdefault\u00bb top_divider_style=\u00bbcurve2&#8243; top_divider_color=\u00bb#0C71C3&#8243; top_divider_height=\u00bb36px\u00bb global_colors_info=\u00bb{}\u00bb][et_pb_fullwidth_code _builder_version=\u00bb4.25.1&#8243; _module_preset=\u00bbdefault\u00bb custom_margin=\u00bb||-19px|||\u00bb global_colors_info=\u00bb{}\u00bb]<\/p>\n<div style=\"width: 100%;\">\n<div style=\"position: relative; padding-bottom: 177.78%; padding-top: 0; height: 0;\"><iframe loading=\"lazy\" title=\"NI\u00d1OS\" frameborder=\"0\" width=\"360\" height=\"640\" style=\"position: absolute; top: 0; left: 0; width: 100%; height: 100%;\" src=\"https:\/\/view.genially.com\/6651f7fb0b37550014bedad1\" type=\"text\/html\" allowscriptaccess=\"always\" allowfullscreen=\"true\" scrolling=\"yes\" allownetworking=\"all\"><\/iframe> <\/div>\n<\/p><\/div>\n<p>[\/et_pb_fullwidth_code][\/et_pb_section][et_pb_section fb_built=\u00bb1&#8243; disabled_on=\u00bbon|on|off\u00bb _builder_version=\u00bb4.27.0&#8243; _module_preset=\u00bbdefault\u00bb background_video_mp4=\u00bbhttp:\/\/colectivosemilla.revistacitrico.com\/wp-content\/uploads\/2024\/05\/Colegio.mp4&#8243; min_height=\u00bb874px\u00bb custom_padding=\u00bb60px|||||\u00bb bottom_divider_style=\u00bbwave\u00bb bottom_divider_color=\u00bb#f7931e\u00bb animation_style=\u00bbfade\u00bb animation_duration=\u00bb950ms\u00bb animation_delay=\u00bb400ms\u00bb animation_starting_opacity=\u00bb5%\u00bb global_colors_info=\u00bb{}\u00bb][et_pb_row _builder_version=\u00bb4.25.1&#8243; _module_preset=\u00bbdefault\u00bb background_color=\u00bbrgba(10,10,10,0.79)\u00bb width=\u00bb41%\u00bb max_width=\u00bb1204px\u00bb min_height=\u00bb488px\u00bb custom_margin=\u00bb154px||||false|false\u00bb animation_style=\u00bbfade\u00bb animation_duration=\u00bb700ms\u00bb animation_speed_curve=\u00bbease-in\u00bb global_colors_info=\u00bb{}\u00bb][et_pb_column type=\u00bb4_4&#8243; _builder_version=\u00bb4.25.1&#8243; _module_preset=\u00bbdefault\u00bb global_colors_info=\u00bb{}\u00bb][et_pb_text _builder_version=\u00bb4.25.1&#8243; _module_preset=\u00bbdefault\u00bb header_3_font=\u00bbCormorant Garamond|700|||||||\u00bb header_3_font_size=\u00bb60px\u00bb background_enable_color=\u00bboff\u00bb width=\u00bb81%\u00bb module_alignment=\u00bbcenter\u00bb global_colors_info=\u00bb{}\u00bb]<\/p>\n<p>&nbsp;<\/p>\n<h3 style=\"text-align: center;\"><span style=\"color: #ffffff;\">\u00bfQu\u00e9 quieres ser cuando seas grande?<\/span><\/h3>\n<p>[\/et_pb_text][et_pb_text _builder_version=\u00bb4.27.3&#8243; _module_preset=\u00bbdefault\u00bb header_4_font=\u00bb&#8211;et_global_body_font||||||||\u00bb header_4_text_color=\u00bb#FFFFFF\u00bb header_4_font_size=\u00bb24px\u00bb width=\u00bb78%\u00bb max_width=\u00bb79%\u00bb module_alignment=\u00bbcenter\u00bb hover_enabled=\u00bb0&#8243; global_colors_info=\u00bb{}\u00bb sticky_enabled=\u00bb0&#8243;]<\/p>\n<h4 style=\"text-align: justify;\">Esta es la pregunta que cambia su respuesta conforme vamos creciendo. Cuando somos ni\u00f1os nos preguntamos constantemente \u00bfQu\u00e9 quiero ser cuando sea grande? \u00bfEn qui\u00e9n me voy a convertir?, pero muchas veces no sabemos c\u00f3mo lograrlo. Por eso, aqu\u00ed te presentamos las semillas de los grandes sue\u00f1os del colectivo.<\/h4>\n<p>[\/et_pb_text][et_pb_button button_url=\u00bbhttps:\/\/colectivosemilla.revistacitrico.com\/index.php\/yo-quiero-ser\/?et_fb=1&#038;PageSpeed=off\u00bb button_text=\u00bbSemillas de Sue\u00f1os\u00bb button_alignment=\u00bbcenter\u00bb _builder_version=\u00bb4.27.3&#8243; _module_preset=\u00bbdefault\u00bb custom_button=\u00bbon\u00bb button_text_size=\u00bb21px\u00bb button_text_color=\u00bb#FFFFFF\u00bb button_bg_color=\u00bb#0C71C3&#8243; button_border_color=\u00bb#0C71C3&#8243; button_border_radius=\u00bb15px\u00bb button_font=\u00bb&#8211;et_global_body_font||||||||\u00bb button_use_icon=\u00bboff\u00bb background_layout=\u00bbdark\u00bb animation_style=\u00bbbounce\u00bb animation_duration=\u00bb1300ms\u00bb global_colors_info=\u00bb{}\u00bb][\/et_pb_button][\/et_pb_column][\/et_pb_row][\/et_pb_section][et_pb_section fb_built=\u00bb1&#8243; disabled_on=\u00bboff|off|on\u00bb _builder_version=\u00bb4.27.0&#8243; _module_preset=\u00bbdefault\u00bb background_video_mp4=\u00bbhttp:\/\/colectivosemilla.revistacitrico.com\/wp-content\/uploads\/2024\/05\/Colegio.mp4&#8243; min_height=\u00bb874px\u00bb custom_padding=\u00bb60px|||||\u00bb bottom_divider_style=\u00bbwave\u00bb bottom_divider_color=\u00bb#f7931e\u00bb animation_style=\u00bbfade\u00bb animation_duration=\u00bb950ms\u00bb animation_delay=\u00bb400ms\u00bb animation_starting_opacity=\u00bb5%\u00bb global_colors_info=\u00bb{}\u00bb][et_pb_row _builder_version=\u00bb4.25.1&#8243; _module_preset=\u00bbdefault\u00bb background_color=\u00bbrgba(10,10,10,0.79)\u00bb width=\u00bb83%\u00bb max_width=\u00bb2035px\u00bb min_height=\u00bb276px\u00bb custom_margin=\u00bb154px||||false|false\u00bb animation_style=\u00bbfade\u00bb animation_duration=\u00bb700ms\u00bb animation_speed_curve=\u00bbease-in\u00bb global_colors_info=\u00bb{}\u00bb][et_pb_column type=\u00bb4_4&#8243; _builder_version=\u00bb4.25.1&#8243; _module_preset=\u00bbdefault\u00bb global_colors_info=\u00bb{}\u00bb][et_pb_text _builder_version=\u00bb4.25.1&#8243; _module_preset=\u00bbdefault\u00bb header_3_font=\u00bbCormorant Garamond|700|||||||\u00bb header_3_font_size=\u00bb35px\u00bb background_enable_color=\u00bboff\u00bb width=\u00bb81%\u00bb module_alignment=\u00bbcenter\u00bb global_colors_info=\u00bb{}\u00bb]<\/p>\n<p>&nbsp;<\/p>\n<h3 style=\"text-align: center;\"><span style=\"color: #ffffff;\">\u00bfQu\u00e9 quieres ser cuando seas grande?<\/span><\/h3>\n<p>[\/et_pb_text][et_pb_text _builder_version=\u00bb4.27.0&#8243; _module_preset=\u00bbdefault\u00bb header_4_font=\u00bb&#8211;et_global_body_font||||||||\u00bb header_4_text_color=\u00bb#FFFFFF\u00bb header_4_font_size=\u00bb15px\u00bb width=\u00bb78%\u00bb max_width=\u00bb79%\u00bb module_alignment=\u00bbcenter\u00bb global_colors_info=\u00bb{}\u00bb]<\/p>\n<h4 style=\"text-align: justify;\">Esta es la pregunta que cambia su respuesta conforme vamos creciendo. Cuando somos ni\u00f1os nos preguntamos constantemente \u00bfQu\u00e9 quiero ser cuando sea grande? \u00bfEn qui\u00e9n me voy a convertir?, pero muchas veces no sabemos c\u00f3mo lograrlo. Por eso, aqu\u00ed te presentamos las semillas de los grandes sue\u00f1os del colectivo.<\/h4>\n<p>[\/et_pb_text][et_pb_button button_url=\u00bbhttps:\/\/colectivosemilla.revistacitrico.com\/index.php\/yo-quiero-ser\/?et_fb=1&#038;PageSpeed=off\u00bb button_text=\u00bbSemillas de Sue\u00f1os\u00bb button_alignment=\u00bbcenter\u00bb _builder_version=\u00bb4.25.1&#8243; _module_preset=\u00bbdefault\u00bb custom_button=\u00bbon\u00bb button_text_size=\u00bb21px\u00bb button_text_color=\u00bb#FFFFFF\u00bb button_bg_color=\u00bb#0C71C3&#8243; button_border_color=\u00bb#0C71C3&#8243; button_border_radius=\u00bb15px\u00bb button_font=\u00bb&#8211;et_global_body_font||||||||\u00bb button_icon=\u00bb&#x41;||divi||400&#8243; button_icon_color=\u00bb#FFFFFF\u00bb transform_scale=\u00bb84%|84%\u00bb background_layout=\u00bbdark\u00bb custom_margin=\u00bb-14px||||false|false\u00bb animation_style=\u00bbbounce\u00bb animation_duration=\u00bb1300ms\u00bb global_colors_info=\u00bb{}\u00bb][\/et_pb_button][\/et_pb_column][\/et_pb_row][\/et_pb_section]<\/p>\n","protected":false},"excerpt":{"rendered":"<p>Somos SemillasSomos Semillas&nbsp; \u00bfQu\u00e9 quieres ser cuando seas grande?Esta es la pregunta que cambia su respuesta conforme vamos creciendo. Cuando somos ni\u00f1os nos preguntamos constantemente \u00bfQu\u00e9 quiero ser cuando sea grande? \u00bfEn qui\u00e9n me voy a convertir?, pero muchas veces no sabemos c\u00f3mo lograrlo. Por eso, aqu\u00ed te presentamos las semillas de los grandes sue\u00f1os [&hellip;]<\/p>\n","protected":false},"author":1,"featured_media":0,"parent":0,"menu_order":0,"comment_status":"closed","ping_status":"closed","template":"","meta":{"_et_pb_use_builder":"on","_et_pb_old_content":"","_et_gb_content_width":"","footnotes":""},"_links":{"self":[{"href":"https:\/\/colectivosemilla.revistacitrico.com\/index.php\/wp-json\/wp\/v2\/pages\/118"}],"collection":[{"href":"https:\/\/colectivosemilla.revistacitrico.com\/index.php\/wp-json\/wp\/v2\/pages"}],"about":[{"href":"https:\/\/colectivosemilla.revistacitrico.com\/index.php\/wp-json\/wp\/v2\/types\/page"}],"author":[{"embeddable":true,"href":"https:\/\/colectivosemilla.revistacitrico.com\/index.php\/wp-json\/wp\/v2\/users\/1"}],"replies":[{"embeddable":true,"href":"https:\/\/colectivosemilla.revistacitrico.com\/index.php\/wp-json\/wp\/v2\/comments?post=118"}],"version-history":[{"count":37,"href":"https:\/\/colectivosemilla.revistacitrico.com\/index.php\/wp-json\/wp\/v2\/pages\/118\/revisions"}],"predecessor-version":[{"id":788,"href":"https:\/\/colectivosemilla.revistacitrico.com\/index.php\/wp-json\/wp\/v2\/pages\/118\/revisions\/788"}],"wp:attachment":[{"href":"https:\/\/colectivosemilla.revistacitrico.com\/index.php\/wp-json\/wp\/v2\/media?parent=118"}],"curies":[{"name":"wp","href":"https:\/\/api.w.org\/{rel}","templated":true}]}}